{"id":658,"date":"2024-08-20T16:51:46","date_gmt":"2024-08-20T19:51:46","guid":{"rendered":"http:\/\/ciconcretiza.com.br\/mahanaim\/?page_id=658"},"modified":"2024-08-21T13:06:21","modified_gmt":"2024-08-21T16:06:21","slug":"politica-de-privacidade","status":"publish","type":"page","link":"http:\/\/ciconcretiza.com.br\/mahanaim\/politica-de-privacidade\/","title":{"rendered":"Pol\u00edtica de privacidade"},"content":{"rendered":"\t\t<div data-elementor-type=\"wp-page\" data-elementor-id=\"658\" class=\"elementor elementor-658\" data-elementor-post-type=\"page\">\n\t\t\t\t\t\t<section class=\"elementor-section elementor-top-section elementor-element elementor-element-d366d6d elementor-section-boxed elementor-section-height-default elementor-section-height-default\" data-id=\"d366d6d\" data-element_type=\"section\">\n\t\t\t\t\t\t<div class=\"elementor-container elementor-column-gap-default\">\n\t\t\t\t\t<div class=\"elementor-column elementor-col-100 elementor-top-column elementor-element elementor-element-108ab7f\" data-id=\"108ab7f\" data-element_type=\"column\">\n\t\t\t<div class=\"elementor-widget-wrap elementor-element-populated\">\n\t\t\t\t\t\t<div class=\"elementor-element elementor-element-65f9eb8 elementor-widget elementor-widget-heading\" data-id=\"65f9eb8\" data-element_type=\"widget\" data-widget_type=\"heading.default\">\n\t\t\t\t<div class=\"elementor-widget-container\">\n\t\t\t\t\t<h2 class=\"elementor-heading-title elementor-size-default\">Pol\u00edtica de Privacidade e Termos de Uso de Meios Digitais <\/h2>\t\t\t\t<\/div>\n\t\t\t\t<\/div>\n\t\t\t\t<div class=\"elementor-element elementor-element-c0d2a6c elementor-widget elementor-widget-text-editor\" data-id=\"c0d2a6c\" data-element_type=\"widget\" data-widget_type=\"text-editor.default\">\n\t\t\t\t<div class=\"elementor-widget-container\">\n\t\t\t\t\t\t\t\t\t<p>A Lei Geral de Prote\u00e7\u00e3o de Dados (LGPD) \u00e9 uma legisla\u00e7\u00e3o que tem como objetivo garantir a prote\u00e7\u00e3o dos dados pessoais dos usu\u00e1rios no Brasil. A pol\u00edtica de prote\u00e7\u00e3o de meios digitais da LGPD se baseia em princ\u00edpios, como a transpar\u00eancia, seguran\u00e7a e responsabilidade, que visam assegurar que as empresas e organiza\u00e7\u00f5es coletem, processem e armazenem os dados pessoais de forma justa e em conformidade com a lei. <br \/><br \/>Para garantir a prote\u00e7\u00e3o dos dados pessoais, a LGPD exige que a Concretiza obtenha o consentimento dos usu\u00e1rios de forma livre, informada e inequ\u00edvoca. Isso significa que os usu\u00e1rios devem estar cientes da forma como seus dados ser\u00e3o tratados e concordar com a pol\u00edtica de privacidade de forma clara e expl\u00edcita. Al\u00e9m disso, a LGPD estabelece san\u00e7\u00f5es para empresas que n\u00e3o cumpram com as regulamenta\u00e7\u00f5es aplic\u00e1veis, o que incentiva a ado\u00e7\u00e3o de medidas de seguran\u00e7a e prote\u00e7\u00e3o de dados. <br \/><br \/>Em resumo, a LGPD \u00e9 uma legisla\u00e7\u00e3o importante para proteger a privacidade dos usu\u00e1rios e garantir que a Concretiza cumpra com as regulamenta\u00e7\u00f5es aplic\u00e1veis. Para isso, \u00e9 essencial que as empresas estejam cientes dos princ\u00edpios da pol\u00edtica de prote\u00e7\u00e3o de meios digitais da LGPD e adotem medidas de seguran\u00e7a e prote\u00e7\u00e3o de dados para garantir a privacidade e a seguran\u00e7a dos usu\u00e1rios. <\/p>\t\t\t\t\t\t\t\t<\/div>\n\t\t\t\t<\/div>\n\t\t\t\t<div class=\"elementor-element elementor-element-c8a6d05 elementor-widget elementor-widget-heading\" data-id=\"c8a6d05\" data-element_type=\"widget\" data-widget_type=\"heading.default\">\n\t\t\t\t<div class=\"elementor-widget-container\">\n\t\t\t\t\t<h2 class=\"elementor-heading-title elementor-size-default\">DEFINI\u00c7\u00d5ES DA LEI n\u00ba 13.709\/2018 <\/h2>\t\t\t\t<\/div>\n\t\t\t\t<\/div>\n\t\t\t\t<div class=\"elementor-element elementor-element-ed92053 elementor-widget elementor-widget-text-editor\" data-id=\"ed92053\" data-element_type=\"widget\" data-widget_type=\"text-editor.default\">\n\t\t\t\t<div class=\"elementor-widget-container\">\n\t\t\t\t\t\t\t\t\t<p>A Lei Geral de Prote\u00e7\u00e3o de Dados (LGPD) tem como objetivo definir termos e conceitos importantes para a prote\u00e7\u00e3o de dados pessoais no Brasil. Entre as defini\u00e7\u00f5es est\u00e3o os conceitos de dados pessoais, dados sens\u00edveis, controlador e operador. Essas defini\u00e7\u00f5es s\u00e3o cruciais para que a Concretiza compreenda os termos e conceitos envolvidos na prote\u00e7\u00e3o de dados pessoais e cumpram as regulamenta\u00e7\u00f5es estabelecidas pela LGPD. <br \/><br \/>Com a defini\u00e7\u00e3o clara desses termos, a LGPD proporciona mais seguran\u00e7a jur\u00eddica para a Concretiza, o que \u00e9 uma medida importante para proteger a privacidade dos usu\u00e1rios e garantir que as empresas cumpram as regulamenta\u00e7\u00f5es aplic\u00e1veis. Em suma, as defini\u00e7\u00f5es estabelecidas pela LGPD s\u00e3o fundamentais para a prote\u00e7\u00e3o de dados pessoais e para garantir o cumprimento das regulamenta\u00e7\u00f5es aplic\u00e1veis no Brasil. <\/p>\t\t\t\t\t\t\t\t<\/div>\n\t\t\t\t<\/div>\n\t\t\t\t<section class=\"elementor-section elementor-inner-section elementor-element elementor-element-aa67392 elementor-section-boxed elementor-section-height-default elementor-section-height-default\" data-id=\"aa67392\" data-element_type=\"section\">\n\t\t\t\t\t\t<div class=\"elementor-container elementor-column-gap-default\">\n\t\t\t\t\t<div class=\"elementor-column elementor-col-100 elementor-inner-column elementor-element elementor-element-39b27d2\" data-id=\"39b27d2\" data-element_type=\"column\">\n\t\t\t<div class=\"elementor-widget-wrap elementor-element-populated\">\n\t\t\t\t\t\t<div class=\"elementor-element elementor-element-ea1300d elementor-widget elementor-widget-text-editor\" data-id=\"ea1300d\" data-element_type=\"widget\" data-widget_type=\"text-editor.default\">\n\t\t\t\t<div class=\"elementor-widget-container\">\n\t\t\t\t\t\t\t\t\t<p>\u2022 Controlador: Pessoa f\u00edsica ou jur\u00eddica respons\u00e1vel pelas decis\u00f5es referentes ao tratamento de dados pessoais. \u00c9 o respons\u00e1vel por garantir que o tratamento dos dados seja feito em conformidade com as leis e regulamentos aplic\u00e1veis. <br \/><br \/>\u2022 Dado Pessoal: Qualquer informa\u00e7\u00e3o relacionada a uma pessoa f\u00edsica identificada ou identific\u00e1vel. Isso inclui informa\u00e7\u00f5es como nome, endere\u00e7o, e-mail, telefone, dados de geolocaliza\u00e7\u00e3o, entre outros. <br \/><br \/>\u2022 Dado Pessoal Sens\u00edvel: Dados pessoais que, por sua natureza, possam gerar discrimina\u00e7\u00e3o ou risco \u00e0 privacidade, tais como dados de sa\u00fade, religi\u00e3o, orienta\u00e7\u00e3o sexual, entre outros. O tratamento desses dados pessoais requer um n\u00edvel maior de prote\u00e7\u00e3o e consentimento espec\u00edfico do titular dos dados. <br \/><br \/>\u2022 Encarregado: Indiv\u00edduo indicado pelo controlador para atuar como canal de comunica\u00e7\u00e3o entre a empresa, os titulares dos dados e a Autoridade Nacional de Prote\u00e7\u00e3o de Dados (ANPD). O encarregado \u00e9 respons\u00e1vel por receber e encaminhar as solicita\u00e7\u00f5es dos titulares dos dados e garantir que a empresa esteja em conformidade com a LGPD. <br \/><br \/>\u2022 Operador: Pessoa f\u00edsica ou jur\u00eddica que realiza o tratamento de dados pessoais em nome do controlador. O operador atua sob as instru\u00e7\u00f5es do controlador e \u00e9 respons\u00e1vel por garantir que o tratamento dos dados seja feito de acordo com as regulamenta\u00e7\u00f5es aplic\u00e1veis. <br \/><br \/>\u2022 Tratamento: Toda opera\u00e7\u00e3o realizada com dados pessoais, como coleta, armazenamento, uso, compartilhamento, entre outras. O tratamento de dados pessoais deve ser feito em conformidade com as regulamenta\u00e7\u00f5es aplic\u00e1veis e com a finalidade espec\u00edfica para a qual os dados foram coletados. <\/p>\t\t\t\t\t\t\t\t<\/div>\n\t\t\t\t<\/div>\n\t\t\t\t\t<\/div>\n\t\t<\/div>\n\t\t\t\t\t<\/div>\n\t\t<\/section>\n\t\t\t\t<div class=\"elementor-element elementor-element-d4f680e elementor-widget elementor-widget-heading\" data-id=\"d4f680e\" data-element_type=\"widget\" data-widget_type=\"heading.default\">\n\t\t\t\t<div class=\"elementor-widget-container\">\n\t\t\t\t\t<h2 class=\"elementor-heading-title elementor-size-default\">CONSENTIMENTO \u00c0 POL\u00cdTICA DE PRIVACIDADE E AOS TERMOS DE USO DE MEIOS DIGITAIS <\/h2>\t\t\t\t<\/div>\n\t\t\t\t<\/div>\n\t\t\t\t<div class=\"elementor-element elementor-element-efbcac3 elementor-widget elementor-widget-text-editor\" data-id=\"efbcac3\" data-element_type=\"widget\" data-widget_type=\"text-editor.default\">\n\t\t\t\t<div class=\"elementor-widget-container\">\n\t\t\t\t\t\t\t\t\t<p>A LGPD exige que as empresas obtenham o consentimento expl\u00edcito, livre e informado dos usu\u00e1rios para o tratamento de seus dados pessoais. O consentimento deve ser obtido por meio de a\u00e7\u00f5es claras do usu\u00e1rio, como clicar em um bot\u00e3o de &#8220;aceitar&#8221;, e pode ser revogado a qualquer momento. A Concretiza fornece uma pol\u00edtica de privacidade clara e acess\u00edvel, e implementa mecanismos de registro e documenta\u00e7\u00e3o adequados para os consentimentos obtidos. O cumprimento dessas exig\u00eancias \u00e9 crucial para estabelecer confian\u00e7a entre a Concretiza e os titulares dos dados.<\/p>\t\t\t\t\t\t\t\t<\/div>\n\t\t\t\t<\/div>\n\t\t\t\t<div class=\"elementor-element elementor-element-6cb7fa0 elementor-align-center elementor-widget elementor-widget-button\" data-id=\"6cb7fa0\" data-element_type=\"widget\" data-widget_type=\"button.default\">\n\t\t\t\t<div class=\"elementor-widget-container\">\n\t\t\t\t\t\t\t\t\t<div class=\"elementor-button-wrapper\">\n\t\t\t\t\t<a class=\"elementor-button elementor-button-link elementor-size-sm\" href=\"\/wp-content\/uploads\/2023\/06\/CONCRETIZA_-_POLITICA_DE_PROTECAO_DE_DADOS.pdf\">\n\t\t\t\t\t\t<span class=\"elementor-button-content-wrapper\">\n\t\t\t\t\t\t\t\t\t<span class=\"elementor-button-text\">Acessar Pol\u00edtica de Prote\u00e7\u00e3o e Tratamento de Dados Pessoais<\/span>\n\t\t\t\t\t<\/span>\n\t\t\t\t\t<\/a>\n\t\t\t\t<\/div>\n\t\t\t\t\t\t\t\t<\/div>\n\t\t\t\t<\/div>\n\t\t\t\t<div class=\"elementor-element elementor-element-64b042b elementor-widget elementor-widget-heading\" data-id=\"64b042b\" data-element_type=\"widget\" data-widget_type=\"heading.default\">\n\t\t\t\t<div class=\"elementor-widget-container\">\n\t\t\t\t\t<h2 class=\"elementor-heading-title elementor-size-default\">TRATAMENTO DE DADOS<\/h2>\t\t\t\t<\/div>\n\t\t\t\t<\/div>\n\t\t\t\t<section class=\"elementor-section elementor-inner-section elementor-element elementor-element-eb585bb elementor-section-boxed elementor-section-height-default elementor-section-height-default\" data-id=\"eb585bb\" data-element_type=\"section\">\n\t\t\t\t\t\t<div class=\"elementor-container elementor-column-gap-default\">\n\t\t\t\t\t<div class=\"elementor-column elementor-col-100 elementor-inner-column elementor-element elementor-element-b67e4f2\" data-id=\"b67e4f2\" data-element_type=\"column\">\n\t\t\t<div class=\"elementor-widget-wrap elementor-element-populated\">\n\t\t\t\t\t\t<div class=\"elementor-element elementor-element-a8ec58d elementor-widget elementor-widget-text-editor\" data-id=\"a8ec58d\" data-element_type=\"widget\" data-widget_type=\"text-editor.default\">\n\t\t\t\t<div class=\"elementor-widget-container\">\n\t\t\t\t\t\t\t\t\t<p>A Concretiza realiza a coleta e o tratamento de dados pessoais com o objetivo de disponibilizar os servi\u00e7os oferecidos em seu site e cumprir com as obriga\u00e7\u00f5es legais. Caso o usu\u00e1rio decida n\u00e3o fornecer determinados dados, alguns recursos e fun\u00e7\u00f5es poder\u00e3o ser afetados negativamente.<\/p><p>A Concretiza obt\u00e9m dados pessoais fornecidos diretamente pelo usu\u00e1rio, seja por meio de formul\u00e1rios no site ou ao interagir com os canais de comunica\u00e7\u00e3o da empresa. Al\u00e9m disso, a coleta de dados ocorre automaticamente atrav\u00e9s de cookies ou tecnologias similares, desde que o usu\u00e1rio tenha dado consentimento ao acessar o site.<\/p><p>Para entrar em contato com a Concretiza e enviar uma mensagem, \u00e9 necess\u00e1rio que o usu\u00e1rio forne\u00e7a informa\u00e7\u00f5es como nome e e-mail, permitindo que o atendimento seja mais direcionado e a resposta ao contato seja mais eficiente. Mensagens que contenham dados pessoais sens\u00edveis ser\u00e3o desconsideradas e exclu\u00eddas pela Concretiza.<\/p><p>Ao acessar o site, alguns dados do usu\u00e1rio s\u00e3o automaticamente coletados e armazenados no dispositivo por meio de cookies. Essa coleta visa manter o usu\u00e1rio conectado, entender o seu uso dos servi\u00e7os da Concretiza e facilitar sua navega\u00e7\u00e3o no site, sendo legitimada pelo consentimento dado pelo usu\u00e1rio ao acessar \u201cGerenciar o consentimento\u201d.<\/p><p>Para saber mais, acesse a <a href=\"https:\/\/ciconcretiza.com.br\/wp-content\/uploads\/2024\/07\/CONCRETIZA_-_POLITICA_DE_PROTECAO_DE_DADOS.pdf\">Pol\u00edtica de Prote\u00e7\u00e3o de Dados<\/a>\u00a0 da empresa.<\/p>\t\t\t\t\t\t\t\t<\/div>\n\t\t\t\t<\/div>\n\t\t\t\t\t<\/div>\n\t\t<\/div>\n\t\t\t\t\t<\/div>\n\t\t<\/section>\n\t\t\t\t\t<\/div>\n\t\t<\/div>\n\t\t\t\t\t<\/div>\n\t\t<\/section>\n\t\t\t\t<\/div>\n\t\t","protected":false},"excerpt":{"rendered":"<p>Pol\u00edtica de Privacidade e Termos de Uso de Meios Digitais A Lei Geral de Prote\u00e7\u00e3o de Dados (LGPD) \u00e9 uma legisla\u00e7\u00e3o que tem como objetivo garantir a prote\u00e7\u00e3o dos dados pessoais dos usu\u00e1rios no Brasil. A pol\u00edtica de prote\u00e7\u00e3o de meios digitais da LGPD se baseia em princ\u00edpios, como a transpar\u00eancia, seguran\u00e7a e responsabilidade, que [&hellip;]<\/p>\n","protected":false},"author":1,"featured_media":0,"parent":0,"menu_order":0,"comment_status":"closed","ping_status":"closed","template":"","meta":{"footnotes":""},"class_list":["post-658","page","type-page","status-publish","hentry"],"yoast_head":"<!-- This site is optimized with the Yoast SEO plugin v26.9 - https:\/\/yoast.com\/product\/yoast-seo-wordpress\/ -->\n<title>Pol\u00edtica de privacidade - Mahanaim<\/title>\n<meta name=\"robots\" content=\"index, follow, max-snippet:-1, max-image-preview:large, max-video-preview:-1\" \/>\n<link rel=\"canonical\" href=\"http:\/\/ciconcretiza.com.br\/mahanaim\/politica-de-privacidade\/\" \/>\n<meta property=\"og:locale\" content=\"pt_BR\" \/>\n<meta property=\"og:type\" content=\"article\" \/>\n<meta property=\"og:title\" content=\"Pol\u00edtica de privacidade - Mahanaim\" \/>\n<meta property=\"og:description\" content=\"Pol\u00edtica de Privacidade e Termos de Uso de Meios Digitais A Lei Geral de Prote\u00e7\u00e3o de Dados (LGPD) \u00e9 uma legisla\u00e7\u00e3o que tem como objetivo garantir a prote\u00e7\u00e3o dos dados pessoais dos usu\u00e1rios no Brasil. A pol\u00edtica de prote\u00e7\u00e3o de meios digitais da LGPD se baseia em princ\u00edpios, como a transpar\u00eancia, seguran\u00e7a e responsabilidade, que [&hellip;]\" \/>\n<meta property=\"og:url\" content=\"http:\/\/ciconcretiza.com.br\/mahanaim\/politica-de-privacidade\/\" \/>\n<meta property=\"og:site_name\" content=\"Mahanaim\" \/>\n<meta property=\"article:modified_time\" content=\"2024-08-21T16:06:21+00:00\" \/>\n<meta name=\"twitter:card\" content=\"summary_large_image\" \/>\n<meta name=\"twitter:label1\" content=\"Est. tempo de leitura\" \/>\n\t<meta name=\"twitter:data1\" content=\"5 minutos\" \/>\n<script type=\"application\/ld+json\" class=\"yoast-schema-graph\">{\"@context\":\"https:\/\/schema.org\",\"@graph\":[{\"@type\":\"WebPage\",\"@id\":\"http:\/\/ciconcretiza.com.br\/mahanaim\/politica-de-privacidade\/\",\"url\":\"http:\/\/ciconcretiza.com.br\/mahanaim\/politica-de-privacidade\/\",\"name\":\"Pol\u00edtica de privacidade - Mahanaim\",\"isPartOf\":{\"@id\":\"http:\/\/ciconcretiza.com.br\/mahanaim\/#website\"},\"datePublished\":\"2024-08-20T19:51:46+00:00\",\"dateModified\":\"2024-08-21T16:06:21+00:00\",\"breadcrumb\":{\"@id\":\"http:\/\/ciconcretiza.com.br\/mahanaim\/politica-de-privacidade\/#breadcrumb\"},\"inLanguage\":\"pt-BR\",\"potentialAction\":[{\"@type\":\"ReadAction\",\"target\":[\"http:\/\/ciconcretiza.com.br\/mahanaim\/politica-de-privacidade\/\"]}]},{\"@type\":\"BreadcrumbList\",\"@id\":\"http:\/\/ciconcretiza.com.br\/mahanaim\/politica-de-privacidade\/#breadcrumb\",\"itemListElement\":[{\"@type\":\"ListItem\",\"position\":1,\"name\":\"In\u00edcio\",\"item\":\"http:\/\/ciconcretiza.com.br\/mahanaim\/\"},{\"@type\":\"ListItem\",\"position\":2,\"name\":\"Pol\u00edtica de privacidade\"}]},{\"@type\":\"WebSite\",\"@id\":\"http:\/\/ciconcretiza.com.br\/mahanaim\/#website\",\"url\":\"http:\/\/ciconcretiza.com.br\/mahanaim\/\",\"name\":\"Mahanaim\",\"description\":\"\",\"publisher\":{\"@id\":\"http:\/\/ciconcretiza.com.br\/mahanaim\/#organization\"},\"potentialAction\":[{\"@type\":\"SearchAction\",\"target\":{\"@type\":\"EntryPoint\",\"urlTemplate\":\"http:\/\/ciconcretiza.com.br\/mahanaim\/?s={search_term_string}\"},\"query-input\":{\"@type\":\"PropertyValueSpecification\",\"valueRequired\":true,\"valueName\":\"search_term_string\"}}],\"inLanguage\":\"pt-BR\"},{\"@type\":\"Organization\",\"@id\":\"http:\/\/ciconcretiza.com.br\/mahanaim\/#organization\",\"name\":\"Mahanaim\",\"url\":\"http:\/\/ciconcretiza.com.br\/mahanaim\/\",\"logo\":{\"@type\":\"ImageObject\",\"inLanguage\":\"pt-BR\",\"@id\":\"http:\/\/ciconcretiza.com.br\/mahanaim\/#\/schema\/logo\/image\/\",\"url\":\"https:\/\/i0.wp.com\/ciconcretiza.com.br\/mahanaim\/wp-content\/uploads\/2023\/03\/mahanain-fav-1-321x350-1.png?fit=321%2C350\",\"contentUrl\":\"https:\/\/i0.wp.com\/ciconcretiza.com.br\/mahanaim\/wp-content\/uploads\/2023\/03\/mahanain-fav-1-321x350-1.png?fit=321%2C350\",\"width\":321,\"height\":350,\"caption\":\"Mahanaim\"},\"image\":{\"@id\":\"http:\/\/ciconcretiza.com.br\/mahanaim\/#\/schema\/logo\/image\/\"}}]}<\/script>\n<!-- \/ Yoast SEO plugin. -->","yoast_head_json":{"title":"Pol\u00edtica de privacidade - Mahanaim","robots":{"index":"index","follow":"follow","max-snippet":"max-snippet:-1","max-image-preview":"max-image-preview:large","max-video-preview":"max-video-preview:-1"},"canonical":"http:\/\/ciconcretiza.com.br\/mahanaim\/politica-de-privacidade\/","og_locale":"pt_BR","og_type":"article","og_title":"Pol\u00edtica de privacidade - Mahanaim","og_description":"Pol\u00edtica de Privacidade e Termos de Uso de Meios Digitais A Lei Geral de Prote\u00e7\u00e3o de Dados (LGPD) \u00e9 uma legisla\u00e7\u00e3o que tem como objetivo garantir a prote\u00e7\u00e3o dos dados pessoais dos usu\u00e1rios no Brasil. A pol\u00edtica de prote\u00e7\u00e3o de meios digitais da LGPD se baseia em princ\u00edpios, como a transpar\u00eancia, seguran\u00e7a e responsabilidade, que [&hellip;]","og_url":"http:\/\/ciconcretiza.com.br\/mahanaim\/politica-de-privacidade\/","og_site_name":"Mahanaim","article_modified_time":"2024-08-21T16:06:21+00:00","twitter_card":"summary_large_image","twitter_misc":{"Est. tempo de leitura":"5 minutos"},"schema":{"@context":"https:\/\/schema.org","@graph":[{"@type":"WebPage","@id":"http:\/\/ciconcretiza.com.br\/mahanaim\/politica-de-privacidade\/","url":"http:\/\/ciconcretiza.com.br\/mahanaim\/politica-de-privacidade\/","name":"Pol\u00edtica de privacidade - Mahanaim","isPartOf":{"@id":"http:\/\/ciconcretiza.com.br\/mahanaim\/#website"},"datePublished":"2024-08-20T19:51:46+00:00","dateModified":"2024-08-21T16:06:21+00:00","breadcrumb":{"@id":"http:\/\/ciconcretiza.com.br\/mahanaim\/politica-de-privacidade\/#breadcrumb"},"inLanguage":"pt-BR","potentialAction":[{"@type":"ReadAction","target":["http:\/\/ciconcretiza.com.br\/mahanaim\/politica-de-privacidade\/"]}]},{"@type":"BreadcrumbList","@id":"http:\/\/ciconcretiza.com.br\/mahanaim\/politica-de-privacidade\/#breadcrumb","itemListElement":[{"@type":"ListItem","position":1,"name":"In\u00edcio","item":"http:\/\/ciconcretiza.com.br\/mahanaim\/"},{"@type":"ListItem","position":2,"name":"Pol\u00edtica de privacidade"}]},{"@type":"WebSite","@id":"http:\/\/ciconcretiza.com.br\/mahanaim\/#website","url":"http:\/\/ciconcretiza.com.br\/mahanaim\/","name":"Mahanaim","description":"","publisher":{"@id":"http:\/\/ciconcretiza.com.br\/mahanaim\/#organization"},"potentialAction":[{"@type":"SearchAction","target":{"@type":"EntryPoint","urlTemplate":"http:\/\/ciconcretiza.com.br\/mahanaim\/?s={search_term_string}"},"query-input":{"@type":"PropertyValueSpecification","valueRequired":true,"valueName":"search_term_string"}}],"inLanguage":"pt-BR"},{"@type":"Organization","@id":"http:\/\/ciconcretiza.com.br\/mahanaim\/#organization","name":"Mahanaim","url":"http:\/\/ciconcretiza.com.br\/mahanaim\/","logo":{"@type":"ImageObject","inLanguage":"pt-BR","@id":"http:\/\/ciconcretiza.com.br\/mahanaim\/#\/schema\/logo\/image\/","url":"https:\/\/i0.wp.com\/ciconcretiza.com.br\/mahanaim\/wp-content\/uploads\/2023\/03\/mahanain-fav-1-321x350-1.png?fit=321%2C350","contentUrl":"https:\/\/i0.wp.com\/ciconcretiza.com.br\/mahanaim\/wp-content\/uploads\/2023\/03\/mahanain-fav-1-321x350-1.png?fit=321%2C350","width":321,"height":350,"caption":"Mahanaim"},"image":{"@id":"http:\/\/ciconcretiza.com.br\/mahanaim\/#\/schema\/logo\/image\/"}}]}},"_links":{"self":[{"href":"http:\/\/ciconcretiza.com.br\/mahanaim\/wp-json\/wp\/v2\/pages\/658","targetHints":{"allow":["GET"]}}],"collection":[{"href":"http:\/\/ciconcretiza.com.br\/mahanaim\/wp-json\/wp\/v2\/pages"}],"about":[{"href":"http:\/\/ciconcretiza.com.br\/mahanaim\/wp-json\/wp\/v2\/types\/page"}],"author":[{"embeddable":true,"href":"http:\/\/ciconcretiza.com.br\/mahanaim\/wp-json\/wp\/v2\/users\/1"}],"replies":[{"embeddable":true,"href":"http:\/\/ciconcretiza.com.br\/mahanaim\/wp-json\/wp\/v2\/comments?post=658"}],"version-history":[{"count":10,"href":"http:\/\/ciconcretiza.com.br\/mahanaim\/wp-json\/wp\/v2\/pages\/658\/revisions"}],"predecessor-version":[{"id":668,"href":"http:\/\/ciconcretiza.com.br\/mahanaim\/wp-json\/wp\/v2\/pages\/658\/revisions\/668"}],"wp:attachment":[{"href":"http:\/\/ciconcretiza.com.br\/mahanaim\/wp-json\/wp\/v2\/media?parent=658"}],"curies":[{"name":"wp","href":"https:\/\/api.w.org\/{rel}","templated":true}]}}